{"id":51,"date":"2025-03-20T20:18:55","date_gmt":"2025-03-20T19:18:55","guid":{"rendered":"https:\/\/canicura.uber.space\/?page_id=51"},"modified":"2025-12-16T11:48:17","modified_gmt":"2025-12-16T10:48:17","slug":"about-us","status":"publish","type":"page","link":"https:\/\/canicura.uber.space\/?page_id=51","title":{"rendered":"\u00dcber mich"},"content":{"rendered":"\t\t<div data-elementor-type=\"wp-page\" data-elementor-id=\"51\" class=\"elementor elementor-51\" data-elementor-post-type=\"page\">\n\t\t\t\t<div class=\"elementor-element elementor-element-7fa2dc55 e-con-full e-flex e-con e-parent\" data-id=\"7fa2dc55\" data-element_type=\"container\" data-e-type=\"container\">\n\t\t<div class=\"elementor-element elementor-element-6f9efb58 e-con-full e-flex e-con e-child\" data-id=\"6f9efb58\" data-element_type=\"container\" data-e-type=\"container\" data-settings=\"{&quot;background_background&quot;:&quot;classic&quot;}\">\n\t\t\t\t<div class=\"elementor-element elementor-element-365af02e elementor-widget__width-initial elementor-widget-tablet__width-initial elementor-invisible elementor-widget elementor-widget-text-editor\" data-id=\"365af02e\" data-element_type=\"widget\" data-e-type=\"widget\" data-settings=\"{&quot;_animation&quot;:&quot;fadeInDown&quot;}\" data-widget_type=\"text-editor.default\">\n\t\t\t\t<div class=\"elementor-widget-container\">\n\t\t\t\t\t\t\t\t\t<p>Liebe Tierbesitzer und die, die es noch werden wollen,<\/p><p>mein Name ist Anna Schmalenstroer, ich bin 1992 geboren und habe meine Passion f\u00fcr die Tiere nicht nur zum Beruf gemacht, sondern habe in meiner Selbstst\u00e4ndigkeit meine Berufung gefunden. Schon als Kind entdeckte ich meine Leidenschaft und besondere Beziehung zu den Tieren. Seit meinem 5. Lebensjahr bin ich stets in tierischer Begleitung und schnell stand fest, dass ich auch im beruflichen Leben mit ihnen arbeiten m\u00f6chte. Nat\u00fcrlich spielen Hund &amp; Co. auch in meiner Freizeit eine zentrale Rolle. Ich bin stolze <b>Dackelbesitzerin<\/b> und ambitionierte <b>Westernreiterin<\/b>.<\/p><p>Seit vielen Jahren bin ich ehrenamtlich f\u00fcr den <b>Tierschutz<\/b> t\u00e4tig und unterst\u00fctze derzeit das Tierheim Bielefeld bei Vor-und Nachkontrollen in der Kaninchenvermittlung.<\/p><p>Als gelernte <b>Tiermedizinische Fachangestellte<\/b> habe ich sieben Jahre lang in diversen Tierarztpraxen praktische, medizinische Berufserfahrung gesammelt und absolvierte zeitgleich eine Ausbildung zur zertifizierten Tierphysiotherapeutin f\u00fcr Hunde und Pferde. Immer in dem Streben nach Weiterbildungsm\u00f6glichkeiten rund ums Tier, absolvierte ich, neben vielfachen Fortbildungen im Laufe meiner TFA-T\u00e4tigkeit, eine Weiterbildung zur <b>Tierverhaltenstherapeutin<\/b> f\u00fcr Hunde und kleine Heimtiere.<\/p><p>Mein Bestreben ist es, Ihnen als Tierbesitzer und Ihrem Familienmitglied von der ersten Sekunde an ein Tierleben lang mit Rat und Tat zur Seite zu stehen. Begonnen bei den ersten \u00dcberlegungen, ein Tier bei sich aufzunehmen, \u00fcber die Beratung zu allen auftretenden Fragen in den Themen Haltung, artgerechte Besch\u00e4ftigung, Erziehung, Ern\u00e4hrung, Medizinische Versorgung, bis hin zur physiotherapeutischen Behandlung und Urlaubsbetreuung. Damit Sie und Ihr Tier in jeder Lebenslage bestens versorgt sind.<\/p><p>Ihr Tier in den besten H\u00e4nden\u2026 mit Herz und Kompetenz!<\/p>\t\t\t\t\t\t\t\t<\/div>\n\t\t\t\t<\/div>\n\t\t\t\t<\/div>\n\t\t\t\t<div class=\"elementor-element elementor-element-cb0c1d6 elementor-widget elementor-widget-image\" data-id=\"cb0c1d6\" data-element_type=\"widget\" data-e-type=\"widget\" data-widget_type=\"image.default\">\n\t\t\t\t<div class=\"elementor-widget-container\">\n\t\t\t\t\t\t\t\t\t\t\t\t\t\t\t<img fetchpriority=\"high\" decoding=\"async\" width=\"639\" height=\"960\" src=\"https:\/\/canicura.uber.space\/wp-content\/uploads\/2025\/10\/13417412_1024640617614042_3816140009748805707_n.jpg\" class=\"attachment-large size-large wp-image-145\" alt=\"\" srcset=\"https:\/\/canicura.uber.space\/wp-content\/uploads\/2025\/10\/13417412_1024640617614042_3816140009748805707_n.jpg 639w, https:\/\/canicura.uber.space\/wp-content\/uploads\/2025\/10\/13417412_1024640617614042_3816140009748805707_n-200x300.jpg 200w\" sizes=\"(max-width: 639px) 100vw, 639px\" \/>\t\t\t\t\t\t\t\t\t\t\t\t\t\t\t<\/div>\n\t\t\t\t<\/div>\n\t\t\t\t<\/div>\n\t\t<div class=\"elementor-element elementor-element-3056a2d1 e-con-full e-flex e-con e-parent\" data-id=\"3056a2d1\" data-element_type=\"container\" data-e-type=\"container\">\n\t\t\t\t<div class=\"elementor-element elementor-element-e2c27d3 elementor-widget elementor-widget-link-in-bio-var-6\" data-id=\"e2c27d3\" data-element_type=\"widget\" data-e-type=\"widget\" data-widget_type=\"link-in-bio-var-6.default\">\n\t\t\t\t<div class=\"elementor-widget-container\">\n\t\t\t\t\t\t\t<div class=\"e-link-in-bio e-link-in-bio-var-6\">\n\t\t\t<div class=\"e-link-in-bio__content\">\n\n\t\t\t\t\t\t<div class=\"e-link-in-bio__identity\">\n\t\t\t\t\t\t\t\t\t<div class=\"e-link-in-bio__identity-image e-link-in-bio__identity-image-profile has-style-circle\">\n\t\t\t\t\t\t\t<img decoding=\"async\" width=\"300\" height=\"200\" src=\"https:\/\/canicura.uber.space\/wp-content\/uploads\/2025\/03\/Anna_Website-1-300x200.jpg\" class=\"e-link-in-bio__identity-image-element\" alt=\"\" srcset=\"https:\/\/canicura.uber.space\/wp-content\/uploads\/2025\/03\/Anna_Website-1-300x200.jpg 300w, https:\/\/canicura.uber.space\/wp-content\/uploads\/2025\/03\/Anna_Website-1-1024x683.jpg 1024w, https:\/\/canicura.uber.space\/wp-content\/uploads\/2025\/03\/Anna_Website-1-768x512.jpg 768w, https:\/\/canicura.uber.space\/wp-content\/uploads\/2025\/03\/Anna_Website-1-1536x1024.jpg 1536w, https:\/\/canicura.uber.space\/wp-content\/uploads\/2025\/03\/Anna_Website-1.jpg 1600w\" sizes=\"(max-width: 300px) 100vw, 300px\" \/>\t\t\t\t\t\t\t\t\t\t\t\t\t<\/div>\n\t\t\t\t\t\t\t<\/div>\n\t\t\t\t\t<div class=\"e-link-in-bio__bio\">\n\t\t\t\t<h2 class=\"e-link-in-bio__heading\">Anna Schmalenstroer<\/h2>\t\t\t\t<h3 class=\"e-link-in-bio__title\">Mobile Tier(medizin)ische Beratung &amp; Versorgung<\/h3>\t\t\t\t\t\t\t\t<p class=\"e-link-in-bio__description\">mit Herz und Kompetenz<\/p>\t\t\t<\/div>\n\t\t\t\t\t<div class=\"e-link-in-bio__icons has-size-small\">\n\t\t\t\t\t\t\t<div class=\"e-link-in-bio__icon is-size-small\">\n\t\t\t\t\t<a href=\"https:\/\/www.facebook.com\/canicura\/\" target=\"_blank\" rel=\"noopener \" aria-label=\"Facebook\" class=\"e-link-in-bio__icon-link\">\n\t\t\t\t\t\t<span class=\"e-link-in-bio__icon-svg\">\n\t\t\t\t\t\t\t<svg aria-hidden=\"true\" class=\"e-font-icon-svg e-fab-facebook\" viewBox=\"0 0 512 512\" xmlns=\"http:\/\/www.w3.org\/2000\/svg\"><path d=\"M504 256C504 119 393 8 256 8S8 119 8 256c0 123.78 90.69 226.38 209.25 245V327.69h-63V256h63v-54.64c0-62.15 37-96.48 93.67-96.48 27.14 0 55.52 4.84 55.52 4.84v61h-31.28c-30.8 0-40.41 19.12-40.41 38.73V256h68.78l-11 71.69h-57.78V501C413.31 482.38 504 379.78 504 256z\"><\/path><\/svg>\t\t\t\t\t\t<\/span>\n\t\t\t\t\t\t\t\t\t\t\t<\/a>\n\t\t\t\t<\/div>\n\t\t\t\t\t\t\t<div class=\"e-link-in-bio__icon is-size-small\">\n\t\t\t\t\t<a href=\"https:\/\/www.instagram.com\/cani_cura\/\" target=\"_blank\" rel=\"noopener \" aria-label=\"Instagram\" class=\"e-link-in-bio__icon-link\">\n\t\t\t\t\t\t<span class=\"e-link-in-bio__icon-svg\">\n\t\t\t\t\t\t\t<svg aria-hidden=\"true\" class=\"e-font-icon-svg e-fab-instagram\" viewBox=\"0 0 448 512\" xmlns=\"http:\/\/www.w3.org\/2000\/svg\"><path d=\"M224.1 141c-63.6 0-114.9 51.3-114.9 114.9s51.3 114.9 114.9 114.9S339 319.5 339 255.9 287.7 141 224.1 141zm0 189.6c-41.1 0-74.7-33.5-74.7-74.7s33.5-74.7 74.7-74.7 74.7 33.5 74.7 74.7-33.6 74.7-74.7 74.7zm146.4-194.3c0 14.9-12 26.8-26.8 26.8-14.9 0-26.8-12-26.8-26.8s12-26.8 26.8-26.8 26.8 12 26.8 26.8zm76.1 27.2c-1.7-35.9-9.9-67.7-36.2-93.9-26.2-26.2-58-34.4-93.9-36.2-37-2.1-147.9-2.1-184.9 0-35.8 1.7-67.6 9.9-93.9 36.1s-34.4 58-36.2 93.9c-2.1 37-2.1 147.9 0 184.9 1.7 35.9 9.9 67.7 36.2 93.9s58 34.4 93.9 36.2c37 2.1 147.9 2.1 184.9 0 35.9-1.7 67.7-9.9 93.9-36.2 26.2-26.2 34.4-58 36.2-93.9 2.1-37 2.1-147.8 0-184.8zM398.8 388c-7.8 19.6-22.9 34.7-42.6 42.6-29.5 11.7-99.5 9-132.1 9s-102.7 2.6-132.1-9c-19.6-7.8-34.7-22.9-42.6-42.6-11.7-29.5-9-99.5-9-132.1s-2.6-102.7 9-132.1c7.8-19.6 22.9-34.7 42.6-42.6 29.5-11.7 99.5-9 132.1-9s102.7-2.6 132.1 9c19.6 7.8 34.7 22.9 42.6 42.6 11.7 29.5 9 99.5 9 132.1s2.7 102.7-9 132.1z\"><\/path><\/svg>\t\t\t\t\t\t<\/span>\n\t\t\t\t\t\t\t\t\t\t\t<\/a>\n\t\t\t\t<\/div>\n\t\t\t\t\t<\/div>\n\t\t\n\t\t<div class=\"e-link-in-bio__image-links has-2-columns\">\n\t\t\t\t\t\t\t<a target=\"_blank\" rel=\"noopener \" class=\"e-link-in-bio__image-links-link\" href=\"\">\n\t\t\t\t\t\t\t\t\t\t\t<img decoding=\"async\" alt=\"\" class=\"e-link-in-bio__image-links-img\" src=\"https:\/\/canicura.uber.space\/wp-content\/plugins\/elementor\/assets\/images\/placeholder.png\" \/>\n\t\t\t\t\t\t\t\t\t<\/a>\n\t\t\t\t\t\t\t<a target=\"_blank\" rel=\"noopener \" class=\"e-link-in-bio__image-links-link\" href=\"\">\n\t\t\t\t\t\t\t\t\t\t\t<img decoding=\"async\" alt=\"\" class=\"e-link-in-bio__image-links-img\" src=\"https:\/\/canicura.uber.space\/wp-content\/plugins\/elementor\/assets\/images\/placeholder.png\" \/>\n\t\t\t\t\t\t\t\t\t<\/a>\n\t\t\t\t\t\t\t<a target=\"_blank\" rel=\"noopener \" class=\"e-link-in-bio__image-links-link\" href=\"\">\n\t\t\t\t\t\t\t\t\t\t\t<img decoding=\"async\" alt=\"\" class=\"e-link-in-bio__image-links-img\" src=\"https:\/\/canicura.uber.space\/wp-content\/plugins\/elementor\/assets\/images\/placeholder.png\" \/>\n\t\t\t\t\t\t\t\t\t<\/a>\n\t\t\t\t\t\t\t<a target=\"_blank\" rel=\"noopener \" class=\"e-link-in-bio__image-links-link\" href=\"\">\n\t\t\t\t\t\t\t\t\t\t\t<img decoding=\"async\" alt=\"\" class=\"e-link-in-bio__image-links-img\" src=\"https:\/\/canicura.uber.space\/wp-content\/plugins\/elementor\/assets\/images\/placeholder.png\" \/>\n\t\t\t\t\t\t\t\t\t<\/a>\n\t\t\t\t\t<\/div>\n\t\t\n\t\t\t<\/div>\n\t\t\t<div class=\"e-link-in-bio__bg\">\n\t\t\t\t<div class=\"e-link-in-bio__bg-overlay\"><\/div>\n\t\t\t<\/div>\n\t\t<\/div>\n\t\t\t\t\t\t<\/div>\n\t\t\t\t<\/div>\n\t\t\t\t<\/div>\n\t\t\t\t<\/div>\n\t\t","protected":false},"excerpt":{"rendered":"<p>Liebe Tierbesitzer und die, die es noch werden wollen, mein Name ist Anna Schmalenstroer, ich bin 1992 geboren und habe meine Passion f\u00fcr die Tiere nicht nur zum Beruf gemacht, sondern habe in meiner Selbstst\u00e4ndigkeit meine Berufung gefunden. Schon als Kind entdeckte ich meine Leidenschaft und besondere Beziehung zu den Tieren. Seit meinem 5. Lebensjahr [&hellip;]<\/p>\n","protected":false},"author":1,"featured_media":145,"parent":0,"menu_order":0,"comment_status":"closed","ping_status":"closed","template":"elementor_header_footer","meta":{"footnotes":""},"class_list":["post-51","page","type-page","status-publish","has-post-thumbnail","hentry"],"yoast_head":"<!-- This site is optimized with the Yoast SEO plugin v27.6 - https:\/\/yoast.com\/product\/yoast-seo-wordpress\/ -->\n<title>\u00dcber mich - canicura<\/title>\n<meta name=\"robots\" content=\"index, follow, max-snippet:-1, max-image-preview:large, max-video-preview:-1\" \/>\n<link rel=\"canonical\" href=\"https:\/\/canicura.uber.space\/?page_id=51\" \/>\n<meta property=\"og:locale\" content=\"en_US\" \/>\n<meta property=\"og:type\" content=\"article\" \/>\n<meta property=\"og:title\" content=\"\u00dcber mich - canicura\" \/>\n<meta property=\"og:description\" content=\"Liebe Tierbesitzer und die, die es noch werden wollen, mein Name ist Anna Schmalenstroer, ich bin 1992 geboren und habe meine Passion f\u00fcr die Tiere nicht nur zum Beruf gemacht, sondern habe in meiner Selbstst\u00e4ndigkeit meine Berufung gefunden. Schon als Kind entdeckte ich meine Leidenschaft und besondere Beziehung zu den Tieren. Seit meinem 5. Lebensjahr [&hellip;]\" \/>\n<meta property=\"og:url\" content=\"https:\/\/canicura.uber.space\/?page_id=51\" \/>\n<meta property=\"og:site_name\" content=\"canicura\" \/>\n<meta property=\"article:modified_time\" content=\"2025-12-16T10:48:17+00:00\" \/>\n<meta property=\"og:image\" content=\"http:\/\/canicura.uber.space\/wp-content\/uploads\/2025\/10\/13417412_1024640617614042_3816140009748805707_n.jpg\" \/>\n\t<meta property=\"og:image:width\" content=\"639\" \/>\n\t<meta property=\"og:image:height\" content=\"960\" \/>\n\t<meta property=\"og:image:type\" content=\"image\/jpeg\" \/>\n<meta name=\"twitter:card\" content=\"summary_large_image\" \/>\n<meta name=\"twitter:label1\" content=\"Est. reading time\" \/>\n\t<meta name=\"twitter:data1\" content=\"3 minutes\" \/>\n<script type=\"application\/ld+json\" class=\"yoast-schema-graph\">{\"@context\":\"https:\\\/\\\/schema.org\",\"@graph\":[{\"@type\":\"WebPage\",\"@id\":\"https:\\\/\\\/canicura.uber.space\\\/?page_id=51\",\"url\":\"https:\\\/\\\/canicura.uber.space\\\/?page_id=51\",\"name\":\"\u00dcber mich - canicura\",\"isPartOf\":{\"@id\":\"https:\\\/\\\/canicura.uber.space\\\/#website\"},\"primaryImageOfPage\":{\"@id\":\"https:\\\/\\\/canicura.uber.space\\\/?page_id=51#primaryimage\"},\"image\":{\"@id\":\"https:\\\/\\\/canicura.uber.space\\\/?page_id=51#primaryimage\"},\"thumbnailUrl\":\"https:\\\/\\\/canicura.uber.space\\\/wp-content\\\/uploads\\\/2025\\\/10\\\/13417412_1024640617614042_3816140009748805707_n.jpg\",\"datePublished\":\"2025-03-20T19:18:55+00:00\",\"dateModified\":\"2025-12-16T10:48:17+00:00\",\"breadcrumb\":{\"@id\":\"https:\\\/\\\/canicura.uber.space\\\/?page_id=51#breadcrumb\"},\"inLanguage\":\"en-US\",\"potentialAction\":[{\"@type\":\"ReadAction\",\"target\":[\"https:\\\/\\\/canicura.uber.space\\\/?page_id=51\"]}]},{\"@type\":\"ImageObject\",\"inLanguage\":\"en-US\",\"@id\":\"https:\\\/\\\/canicura.uber.space\\\/?page_id=51#primaryimage\",\"url\":\"https:\\\/\\\/canicura.uber.space\\\/wp-content\\\/uploads\\\/2025\\\/10\\\/13417412_1024640617614042_3816140009748805707_n.jpg\",\"contentUrl\":\"https:\\\/\\\/canicura.uber.space\\\/wp-content\\\/uploads\\\/2025\\\/10\\\/13417412_1024640617614042_3816140009748805707_n.jpg\",\"width\":639,\"height\":960},{\"@type\":\"BreadcrumbList\",\"@id\":\"https:\\\/\\\/canicura.uber.space\\\/?page_id=51#breadcrumb\",\"itemListElement\":[{\"@type\":\"ListItem\",\"position\":1,\"name\":\"Startseite\",\"item\":\"https:\\\/\\\/canicura.uber.space\\\/\"},{\"@type\":\"ListItem\",\"position\":2,\"name\":\"\u00dcber mich\"}]},{\"@type\":\"WebSite\",\"@id\":\"https:\\\/\\\/canicura.uber.space\\\/#website\",\"url\":\"https:\\\/\\\/canicura.uber.space\\\/\",\"name\":\"canicura\",\"description\":\"\",\"publisher\":{\"@id\":\"https:\\\/\\\/canicura.uber.space\\\/#organization\"},\"potentialAction\":[{\"@type\":\"SearchAction\",\"target\":{\"@type\":\"EntryPoint\",\"urlTemplate\":\"https:\\\/\\\/canicura.uber.space\\\/?s={search_term_string}\"},\"query-input\":{\"@type\":\"PropertyValueSpecification\",\"valueRequired\":true,\"valueName\":\"search_term_string\"}}],\"inLanguage\":\"en-US\"},{\"@type\":\"Organization\",\"@id\":\"https:\\\/\\\/canicura.uber.space\\\/#organization\",\"name\":\"canicura\",\"url\":\"https:\\\/\\\/canicura.uber.space\\\/\",\"logo\":{\"@type\":\"ImageObject\",\"inLanguage\":\"en-US\",\"@id\":\"https:\\\/\\\/canicura.uber.space\\\/#\\\/schema\\\/logo\\\/image\\\/\",\"url\":\"https:\\\/\\\/canicura.uber.space\\\/wp-content\\\/uploads\\\/2025\\\/03\\\/cropped-Logo-2.png\",\"contentUrl\":\"https:\\\/\\\/canicura.uber.space\\\/wp-content\\\/uploads\\\/2025\\\/03\\\/cropped-Logo-2.png\",\"width\":497,\"height\":512,\"caption\":\"canicura\"},\"image\":{\"@id\":\"https:\\\/\\\/canicura.uber.space\\\/#\\\/schema\\\/logo\\\/image\\\/\"}}]}<\/script>\n<!-- \/ Yoast SEO plugin. -->","yoast_head_json":{"title":"\u00dcber mich - canicura","robots":{"index":"index","follow":"follow","max-snippet":"max-snippet:-1","max-image-preview":"max-image-preview:large","max-video-preview":"max-video-preview:-1"},"canonical":"https:\/\/canicura.uber.space\/?page_id=51","og_locale":"en_US","og_type":"article","og_title":"\u00dcber mich - canicura","og_description":"Liebe Tierbesitzer und die, die es noch werden wollen, mein Name ist Anna Schmalenstroer, ich bin 1992 geboren und habe meine Passion f\u00fcr die Tiere nicht nur zum Beruf gemacht, sondern habe in meiner Selbstst\u00e4ndigkeit meine Berufung gefunden. Schon als Kind entdeckte ich meine Leidenschaft und besondere Beziehung zu den Tieren. Seit meinem 5. Lebensjahr [&hellip;]","og_url":"https:\/\/canicura.uber.space\/?page_id=51","og_site_name":"canicura","article_modified_time":"2025-12-16T10:48:17+00:00","og_image":[{"width":639,"height":960,"url":"http:\/\/canicura.uber.space\/wp-content\/uploads\/2025\/10\/13417412_1024640617614042_3816140009748805707_n.jpg","type":"image\/jpeg"}],"twitter_card":"summary_large_image","twitter_misc":{"Est. reading time":"3 minutes"},"schema":{"@context":"https:\/\/schema.org","@graph":[{"@type":"WebPage","@id":"https:\/\/canicura.uber.space\/?page_id=51","url":"https:\/\/canicura.uber.space\/?page_id=51","name":"\u00dcber mich - canicura","isPartOf":{"@id":"https:\/\/canicura.uber.space\/#website"},"primaryImageOfPage":{"@id":"https:\/\/canicura.uber.space\/?page_id=51#primaryimage"},"image":{"@id":"https:\/\/canicura.uber.space\/?page_id=51#primaryimage"},"thumbnailUrl":"https:\/\/canicura.uber.space\/wp-content\/uploads\/2025\/10\/13417412_1024640617614042_3816140009748805707_n.jpg","datePublished":"2025-03-20T19:18:55+00:00","dateModified":"2025-12-16T10:48:17+00:00","breadcrumb":{"@id":"https:\/\/canicura.uber.space\/?page_id=51#breadcrumb"},"inLanguage":"en-US","potentialAction":[{"@type":"ReadAction","target":["https:\/\/canicura.uber.space\/?page_id=51"]}]},{"@type":"ImageObject","inLanguage":"en-US","@id":"https:\/\/canicura.uber.space\/?page_id=51#primaryimage","url":"https:\/\/canicura.uber.space\/wp-content\/uploads\/2025\/10\/13417412_1024640617614042_3816140009748805707_n.jpg","contentUrl":"https:\/\/canicura.uber.space\/wp-content\/uploads\/2025\/10\/13417412_1024640617614042_3816140009748805707_n.jpg","width":639,"height":960},{"@type":"BreadcrumbList","@id":"https:\/\/canicura.uber.space\/?page_id=51#breadcrumb","itemListElement":[{"@type":"ListItem","position":1,"name":"Startseite","item":"https:\/\/canicura.uber.space\/"},{"@type":"ListItem","position":2,"name":"\u00dcber mich"}]},{"@type":"WebSite","@id":"https:\/\/canicura.uber.space\/#website","url":"https:\/\/canicura.uber.space\/","name":"canicura","description":"","publisher":{"@id":"https:\/\/canicura.uber.space\/#organization"},"potentialAction":[{"@type":"SearchAction","target":{"@type":"EntryPoint","urlTemplate":"https:\/\/canicura.uber.space\/?s={search_term_string}"},"query-input":{"@type":"PropertyValueSpecification","valueRequired":true,"valueName":"search_term_string"}}],"inLanguage":"en-US"},{"@type":"Organization","@id":"https:\/\/canicura.uber.space\/#organization","name":"canicura","url":"https:\/\/canicura.uber.space\/","logo":{"@type":"ImageObject","inLanguage":"en-US","@id":"https:\/\/canicura.uber.space\/#\/schema\/logo\/image\/","url":"https:\/\/canicura.uber.space\/wp-content\/uploads\/2025\/03\/cropped-Logo-2.png","contentUrl":"https:\/\/canicura.uber.space\/wp-content\/uploads\/2025\/03\/cropped-Logo-2.png","width":497,"height":512,"caption":"canicura"},"image":{"@id":"https:\/\/canicura.uber.space\/#\/schema\/logo\/image\/"}}]}},"_links":{"self":[{"href":"https:\/\/canicura.uber.space\/index.php?rest_route=\/wp\/v2\/pages\/51","targetHints":{"allow":["GET"]}}],"collection":[{"href":"https:\/\/canicura.uber.space\/index.php?rest_route=\/wp\/v2\/pages"}],"about":[{"href":"https:\/\/canicura.uber.space\/index.php?rest_route=\/wp\/v2\/types\/page"}],"author":[{"embeddable":true,"href":"https:\/\/canicura.uber.space\/index.php?rest_route=\/wp\/v2\/users\/1"}],"replies":[{"embeddable":true,"href":"https:\/\/canicura.uber.space\/index.php?rest_route=%2Fwp%2Fv2%2Fcomments&post=51"}],"version-history":[{"count":19,"href":"https:\/\/canicura.uber.space\/index.php?rest_route=\/wp\/v2\/pages\/51\/revisions"}],"predecessor-version":[{"id":167,"href":"https:\/\/canicura.uber.space\/index.php?rest_route=\/wp\/v2\/pages\/51\/revisions\/167"}],"wp:featuredmedia":[{"embeddable":true,"href":"https:\/\/canicura.uber.space\/index.php?rest_route=\/wp\/v2\/media\/145"}],"wp:attachment":[{"href":"https:\/\/canicura.uber.space\/index.php?rest_route=%2Fwp%2Fv2%2Fmedia&parent=51"}],"curies":[{"name":"wp","href":"https:\/\/api.w.org\/{rel}","templated":true}]}}